{"id":23,"date":"2021-01-25T08:45:44","date_gmt":"2021-01-25T08:45:44","guid":{"rendered":"http:\/\/gm-plants.at\/?page_id=23"},"modified":"2023-04-27T14:55:14","modified_gmt":"2023-04-27T13:55:14","slug":"ueber-uns","status":"publish","type":"page","link":"https:\/\/gm-plants.at\/?page_id=23","title":{"rendered":"\u00dcber Uns"},"content":{"rendered":"\n<p class=\"has-normal-font-size\">Die GM Pflanzen GmbH ist ein Gartenbau Unternehmen mit Sitz in    Th\u00fcringen, Vorarlberg, \u00d6sterreich. Direkt an der Vierl\u00e4nder-Ecke Schweiz, Lichtenstein, Deutschland und \u00d6sterreich. <\/p>\n\n\n\n<p class=\"has-normal-font-size\">Unser Anspruch ist es, die Hanfkultur mit der g\u00e4rtnerischen Professionalit\u00e4t, die unseren Betrieb seit nunmehr 60 Jahren auszeichnet, zu verbinden. Wir bieten unseren Kunden Beratung und Unterst\u00fctzung, sowohl bei der Aufzucht der Pflanzen im konventionellen, als auch im Bio zertifizierten Bereich. <br>Wir helfen bei der Planung von Anlagen und bei der Pflanzenlogistik.<\/p>\n\n\n\n<p>Wir produziert Cannabis Pflanzen vom URC (unrooted cutting), RC (rooted cutting) Steckling, bis zur vorkultivierten Pflanze in dem vom Kunden gew\u00fcnschten Format. Ausserdem betreiben wir eine eigene Sortenz\u00fcchtung und produzieren feminisiertes Saatgut. Wir bieten Samen und auch S\u00e4mlinge oder vorkultivierte Pflanzen aus S\u00e4mlingen vornehmlich f\u00fcr den Freilandanbau an. Unsere Gro\u00dfkunden im Indoorbereich m\u00f6chten unser Liefersystem der vorkultivierten Pflanze, mit der die Anlage immer nur auf 12 Stunden Beleuchtung betrieben wurde und mindestens 6 Kulturen pro Jahr m\u00f6glich sind, nicht mehr missen.<\/p>\n\n\n\n<p class=\"has-normal-font-size\">Ein wichtiger Teil unserer T\u00e4tigkeit ist Forschung, Entwicklung und Z\u00fcchtung, Testanbau und Selektionen neuer interessanter Genetiken. Unsere modernen Gew\u00e4chshausfl\u00e4chen von insgesamt mehr als 1,5 Hektar und ein vollausgestattetes Invitro Labor bieten hierzu die Grundlage.<\/p>\n\n\n\n<figure class=\"wp-block-gallery alignwide has-nested-images columns-default is-cropped wp-block-gallery-1 is-layout-flex wp-block-gallery-is-layout-flex\">\n<figure class=\"wp-block-image size-large\"><img decoding=\"async\" data-id=\"432\" src=\"https:\/\/gm-plants.at\/wp-content\/uploads\/2023\/02\/RETO5201-min.jpg\" alt=\"\" class=\"wp-image-432\"\/><\/figure>\n\n\n\n<figure class=\"wp-block-image size-large is-style-default\"><img decoding=\"async\" data-id=\"429\" src=\"https:\/\/gm-plants.at\/wp-content\/uploads\/2023\/02\/RETO5170-min.jpg\" alt=\"\" class=\"wp-image-429\"\/><\/figure>\n\n\n\n<figure class=\"wp-block-image size-large\"><img decoding=\"async\" data-id=\"433\" src=\"https:\/\/gm-plants.at\/wp-content\/uploads\/2023\/02\/RETO5213-min.jpg\" alt=\"\" class=\"wp-image-433\"\/><\/figure>\n<\/figure>\n","protected":false},"excerpt":{"rendered":"<p>Die GM Pflanzen GmbH ist ein Gartenbau Unternehmen mit Sitz in Th\u00fcringen, Vorarlberg, \u00d6sterreich. Direkt an der Vierl\u00e4nder-Ecke Schweiz, Lichtenstein, Deutschland und \u00d6sterreich. Unser Anspruch ist es, die Hanfkultur mit der g\u00e4rtnerischen Professionalit\u00e4t, die unseren Betrieb seit nunmehr 60 Jahren auszeichnet, zu verbinden. Wir bieten unseren Kunden Beratung und Unterst\u00fctzung, sowohl bei der Aufzucht der [&hellip;]<\/p>\n","protected":false},"author":2,"featured_media":0,"parent":0,"menu_order":0,"comment_status":"closed","ping_status":"closed","template":"","meta":{"footnotes":""},"class_list":["post-23","page","type-page","status-publish","hentry"],"_links":{"self":[{"href":"https:\/\/gm-plants.at\/index.php?rest_route=\/wp\/v2\/pages\/23","targetHints":{"allow":["GET"]}}],"collection":[{"href":"https:\/\/gm-plants.at\/index.php?rest_route=\/wp\/v2\/pages"}],"about":[{"href":"https:\/\/gm-plants.at\/index.php?rest_route=\/wp\/v2\/types\/page"}],"author":[{"embeddable":true,"href":"https:\/\/gm-plants.at\/index.php?rest_route=\/wp\/v2\/users\/2"}],"replies":[{"embeddable":true,"href":"https:\/\/gm-plants.at\/index.php?rest_route=%2Fwp%2Fv2%2Fcomments&post=23"}],"version-history":[{"count":13,"href":"https:\/\/gm-plants.at\/index.php?rest_route=\/wp\/v2\/pages\/23\/revisions"}],"predecessor-version":[{"id":508,"href":"https:\/\/gm-plants.at\/index.php?rest_route=\/wp\/v2\/pages\/23\/revisions\/508"}],"wp:attachment":[{"href":"https:\/\/gm-plants.at\/index.php?rest_route=%2Fwp%2Fv2%2Fmedia&parent=23"}],"curies":[{"name":"wp","href":"https:\/\/api.w.org\/{rel}","templated":true}]}}