{"id":231,"date":"2021-01-28T15:42:26","date_gmt":"2021-01-28T14:42:26","guid":{"rendered":"https:\/\/gm-plants.at\/?page_id=231"},"modified":"2023-09-14T08:01:50","modified_gmt":"2023-09-14T07:01:50","slug":"links","status":"publish","type":"page","link":"https:\/\/gm-plants.at\/?page_id=231","title":{"rendered":"Partner &#038; Links"},"content":{"rendered":"\n<figure class=\"wp-block-image size-large is-resized\"><img loading=\"lazy\" decoding=\"async\" src=\"https:\/\/gm-plants.at\/wp-content\/uploads\/2023\/02\/Kofler-1024x768.jpg\" alt=\"\" class=\"wp-image-467\" width=\"611\" height=\"458\" srcset=\"https:\/\/gm-plants.at\/wp-content\/uploads\/2023\/02\/Kofler-1024x768.jpg 1024w, https:\/\/gm-plants.at\/wp-content\/uploads\/2023\/02\/Kofler-300x225.jpg 300w, https:\/\/gm-plants.at\/wp-content\/uploads\/2023\/02\/Kofler-768x576.jpg 768w, https:\/\/gm-plants.at\/wp-content\/uploads\/2023\/02\/Kofler-1536x1152.jpg 1536w, https:\/\/gm-plants.at\/wp-content\/uploads\/2023\/02\/Kofler-1200x900.jpg 1200w, https:\/\/gm-plants.at\/wp-content\/uploads\/2023\/02\/Kofler-1980x1485.jpg 1980w, https:\/\/gm-plants.at\/wp-content\/uploads\/2023\/02\/Kofler.jpg 2016w\" sizes=\"auto, (max-width: 611px) 100vw, 611px\" \/><\/figure>\n\n\n\n<p><a href=\"https:\/\/www.ideengaertnerei.at\/\">Ideeng\u00e4rtnerei M\u00fcller GmbH &#8211; www.ideengaertnerei.at<\/a><\/p>\n\n\n\n<p><a href=\"https:\/\/www.sanlight.com\/\">Willkommen bei SANlight: Den Experten f\u00fcr Photonik und Halbleitertechnik<\/a><\/p>\n\n\n\n<p><a href=\"https:\/\/www.swissextract.ch\/uber-uns\/\">\u00dcber SwissExtract und die Cannabis-Produktion | SwissExtract CBD Shop<\/a><\/p>\n\n\n\n<p><a href=\"http:\/\/www.elmor.com\">www.elmor.com<\/a> &#8211; Seed Counter &#8211; Ihr Partner f\u00fcr genaues Z\u00e4hlen, F\u00fcllen und Verpacken <\/p>\n\n\n\n<div class=\"wp-block-file\"><a id=\"wp-block-file--media-456d22e4-3486-4452-a982-9aa5faef2f01\" href=\"https:\/\/gm-plants.at\/wp-content\/uploads\/2023\/09\/Elmor.pdf\"><sup>Beschreibung Elmor Seed Counter <\/sup><\/a><a href=\"https:\/\/gm-plants.at\/wp-content\/uploads\/2023\/09\/Elmor.pdf\" class=\"wp-block-file__button\" download aria-describedby=\"wp-block-file--media-456d22e4-3486-4452-a982-9aa5faef2f01\">Herunterladen<\/a><\/div>\n\n\n\n<p><\/p>\n\n\n\n<p><a href=\"https:\/\/www.kofleronline.com\/de\/\">Gro\u00dfhandel f\u00fcr Hotellerie und Gastronomie in Landeck, Tirol | Kofler Gro\u00dfhandel Landeck (kofleronline.com)<\/a><\/p>\n\n\n\n<p><\/p>\n\n\n\n<p><\/p>\n\n\n\n<p><\/p>\n","protected":false},"excerpt":{"rendered":"<p>Ideeng\u00e4rtnerei M\u00fcller GmbH &#8211; www.ideengaertnerei.at Willkommen bei SANlight: Den Experten f\u00fcr Photonik und Halbleitertechnik \u00dcber SwissExtract und die Cannabis-Produktion | SwissExtract CBD Shop www.elmor.com &#8211; Seed Counter &#8211; Ihr Partner f\u00fcr genaues Z\u00e4hlen, F\u00fcllen und Verpacken Gro\u00dfhandel f\u00fcr Hotellerie und Gastronomie in Landeck, Tirol | Kofler Gro\u00dfhandel Landeck (kofleronline.com)<\/p>\n","protected":false},"author":2,"featured_media":0,"parent":0,"menu_order":0,"comment_status":"closed","ping_status":"closed","template":"","meta":{"footnotes":""},"class_list":["post-231","page","type-page","status-publish","hentry"],"_links":{"self":[{"href":"https:\/\/gm-plants.at\/index.php?rest_route=\/wp\/v2\/pages\/231","targetHints":{"allow":["GET"]}}],"collection":[{"href":"https:\/\/gm-plants.at\/index.php?rest_route=\/wp\/v2\/pages"}],"about":[{"href":"https:\/\/gm-plants.at\/index.php?rest_route=\/wp\/v2\/types\/page"}],"author":[{"embeddable":true,"href":"https:\/\/gm-plants.at\/index.php?rest_route=\/wp\/v2\/users\/2"}],"replies":[{"embeddable":true,"href":"https:\/\/gm-plants.at\/index.php?rest_route=%2Fwp%2Fv2%2Fcomments&post=231"}],"version-history":[{"count":8,"href":"https:\/\/gm-plants.at\/index.php?rest_route=\/wp\/v2\/pages\/231\/revisions"}],"predecessor-version":[{"id":574,"href":"https:\/\/gm-plants.at\/index.php?rest_route=\/wp\/v2\/pages\/231\/revisions\/574"}],"wp:attachment":[{"href":"https:\/\/gm-plants.at\/index.php?rest_route=%2Fwp%2Fv2%2Fmedia&parent=231"}],"curies":[{"name":"wp","href":"https:\/\/api.w.org\/{rel}","templated":true}]}}