{"id":28,"date":"2021-01-25T08:45:44","date_gmt":"2021-01-25T08:45:44","guid":{"rendered":"http:\/\/gm-plants.at\/?page_id=28"},"modified":"2023-07-13T10:52:54","modified_gmt":"2023-07-13T09:52:54","slug":"sortiment","status":"publish","type":"page","link":"https:\/\/gm-plants.at\/?page_id=28","title":{"rendered":"Unsere Leistungen"},"content":{"rendered":"\n<h2 class=\"has-larger-font-size wp-block-heading\"><strong>Wir bieten mehr als nur Pflanzen&#8230;..<\/strong><\/h2>\n\n\n\n<figure class=\"wp-block-video alignwide\"><video height=\"1080\" style=\"aspect-ratio: 1920 \/ 1080;\" width=\"1920\" autoplay src=\"https:\/\/gm-plants.at\/wp-content\/uploads\/2023\/02\/Stecklinge-2-klein.mp4\"><\/video><\/figure>\n\n\n\n<ul class=\"has-large-font-size wp-block-list\"><li>Jungpflanzen aus Stecklingen verschiedener CBD &amp; THC Sorten inkl. Cannabinoid &#8211; Analyse<br><\/li><li>Feminisiertes &amp; Automatik Saatgut<br><\/li><li>Jungpflanzen getopft in Erde oder Medium nach Wahl<br><\/li><li>Halbfertigpflanzen, 3 Wochen getopft &#8211; Vegi fertig &#8211; bereit f\u00fcr Kurztag<br><\/li><li>m\u00f6gliche R\u00fcckholung abgeernteter T\u00f6pfe, Substratentsorgung, Neubef\u00fcllung, Topfdesinfektion<br><\/li><li>M\u00f6glichkeit w\u00f6chentlicher Lieferungen f\u00fcr kontinuierliche Ernte<br><\/li><li>Fachliche Beratung und N\u00fctzlings Service<br><\/li><li>Lieferservice in eigenen Fahrzeugen oder \u00fcber Spedition<br><\/li><li>Abgabe nur an gewerbliche Anbauer &amp; H\u00e4ndler &#8211; nicht an Privatpersonen<br><\/li><\/ul>\n\n\n\n<p class=\"has-large-font-size\">Wir k\u00f6nnen all unsere Produkte in Bio- &amp; Konventioneller Qualit\u00e4t anbieten!<\/p>\n\n\n\n<p class=\"has-large-font-size\">Sortenliste &amp; Preisliste auf Anfrage!<\/p>\n\n\n\n<figure class=\"wp-block-gallery alignwide has-nested-images columns-default is-cropped wp-block-gallery-1 is-layout-flex wp-block-gallery-is-layout-flex\">\n<figure class=\"wp-block-image size-large\"><img loading=\"lazy\" decoding=\"async\" width=\"1800\" height=\"1200\" data-id=\"77\" src=\"https:\/\/gm-plants.at\/wp-content\/uploads\/slider2\/Hanf1221.jpeg\" alt=\"\" class=\"wp-image-77\" srcset=\"https:\/\/gm-plants.at\/wp-content\/uploads\/slider2\/Hanf1221.jpeg 1800w, https:\/\/gm-plants.at\/wp-content\/uploads\/slider2\/Hanf1221-300x200.jpeg 300w, https:\/\/gm-plants.at\/wp-content\/uploads\/slider2\/Hanf1221-1024x683.jpeg 1024w, https:\/\/gm-plants.at\/wp-content\/uploads\/slider2\/Hanf1221-768x512.jpeg 768w, https:\/\/gm-plants.at\/wp-content\/uploads\/slider2\/Hanf1221-1536x1024.jpeg 1536w, https:\/\/gm-plants.at\/wp-content\/uploads\/slider2\/Hanf1221-1200x800.jpeg 1200w\" sizes=\"auto, (max-width: 1800px) 100vw, 1800px\" \/><\/figure>\n\n\n\n<figure class=\"wp-block-image size-large\"><img decoding=\"async\" data-id=\"562\" src=\"https:\/\/gm-plants.at\/wp-content\/uploads\/2023\/07\/Hanf1-164-min.jpg\" alt=\"\" class=\"wp-image-562\"\/><\/figure>\n\n\n\n<figure class=\"wp-block-image size-large\"><img decoding=\"async\" data-id=\"561\" src=\"https:\/\/gm-plants.at\/wp-content\/uploads\/2023\/07\/Hanf1-151-min.jpg\" alt=\"\" class=\"wp-image-561\"\/><\/figure>\n\n\n\n<figure class=\"wp-block-image size-large\"><img decoding=\"async\" data-id=\"563\" src=\"https:\/\/gm-plants.at\/wp-content\/uploads\/2023\/07\/Steckling-min.jpg\" alt=\"\" class=\"wp-image-563\"\/><\/figure>\n\n\n\n<figure class=\"wp-block-image size-large\"><img decoding=\"async\" data-id=\"560\" src=\"https:\/\/gm-plants.at\/wp-content\/uploads\/2023\/07\/18-min.jpg\" alt=\"\" class=\"wp-image-560\"\/><\/figure>\n\n\n\n<figure class=\"wp-block-image size-large\"><img decoding=\"async\" data-id=\"428\" src=\"https:\/\/gm-plants.at\/wp-content\/uploads\/2023\/02\/Hanf1-248-min.jpg\" alt=\"\" class=\"wp-image-428\"\/><\/figure>\n<\/figure>\n","protected":false},"excerpt":{"rendered":"<p>Wir bieten mehr als nur Pflanzen&#8230;.. Jungpflanzen aus Stecklingen verschiedener CBD &amp; THC Sorten inkl. Cannabinoid &#8211; Analyse Feminisiertes &amp; Automatik Saatgut Jungpflanzen getopft in Erde oder Medium nach Wahl Halbfertigpflanzen, 3 Wochen getopft &#8211; Vegi fertig &#8211; bereit f\u00fcr Kurztag m\u00f6gliche R\u00fcckholung abgeernteter T\u00f6pfe, Substratentsorgung, Neubef\u00fcllung, Topfdesinfektion M\u00f6glichkeit w\u00f6chentlicher Lieferungen f\u00fcr kontinuierliche Ernte Fachliche [&hellip;]<\/p>\n","protected":false},"author":2,"featured_media":0,"parent":0,"menu_order":0,"comment_status":"closed","ping_status":"closed","template":"","meta":{"footnotes":""},"class_list":["post-28","page","type-page","status-publish","hentry"],"_links":{"self":[{"href":"https:\/\/gm-plants.at\/index.php?rest_route=\/wp\/v2\/pages\/28","targetHints":{"allow":["GET"]}}],"collection":[{"href":"https:\/\/gm-plants.at\/index.php?rest_route=\/wp\/v2\/pages"}],"about":[{"href":"https:\/\/gm-plants.at\/index.php?rest_route=\/wp\/v2\/types\/page"}],"author":[{"embeddable":true,"href":"https:\/\/gm-plants.at\/index.php?rest_route=\/wp\/v2\/users\/2"}],"replies":[{"embeddable":true,"href":"https:\/\/gm-plants.at\/index.php?rest_route=%2Fwp%2Fv2%2Fcomments&post=28"}],"version-history":[{"count":19,"href":"https:\/\/gm-plants.at\/index.php?rest_route=\/wp\/v2\/pages\/28\/revisions"}],"predecessor-version":[{"id":565,"href":"https:\/\/gm-plants.at\/index.php?rest_route=\/wp\/v2\/pages\/28\/revisions\/565"}],"wp:attachment":[{"href":"https:\/\/gm-plants.at\/index.php?rest_route=%2Fwp%2Fv2%2Fmedia&parent=28"}],"curies":[{"name":"wp","href":"https:\/\/api.w.org\/{rel}","templated":true}]}}